{"id":18,"date":"2024-06-13T08:31:58","date_gmt":"2024-06-13T07:31:58","guid":{"rendered":"http:\/\/gites-pyrenees-gaillagos.com\/?page_id=18"},"modified":"2024-06-13T08:31:58","modified_gmt":"2024-06-13T07:31:58","slug":"accueil-provisoire","status":"publish","type":"page","link":"https:\/\/gites-pyrenees-gaillagos.com\/index.php\/accueil-provisoire\/","title":{"rendered":"ACCUEIL"},"content":{"rendered":"<hr \/>\n<p style=\"text-align: center;\"><em>Veuillez nous excuser car notre site destin\u00e9 \u00e0 la promotion de nos g\u00eetes est en construction.<\/em><\/p>\n<p style=\"text-align: center;\">\u00a0Nous vous proposons\u00a0 de d\u00e9couvrir sur le site des G\u00eetes de France, nos h\u00e9bergements typiques et confortables qui sont situ\u00e9s \u00e0 65400 Gaillagos.<\/p>\n<p style=\"text-align: center;\">\u00a0 Nous vous saurions gr\u00e9\u00a0 de nous contacter directement.<\/p>\n<p><a href=\"http:\/\/www.gites-de-france-65.com\/location-vacances-Gite-a-Gaillagos-Hautes-Pyrenees-65G123011.html#contactprop\" target=\"_blank\" rel=\"noopener\">\u00a0\u00a0\u00a0\u00a0\u00a0 \u00a0 \u00a0 \u00a0 \u00a0 \u00a0 \u00a0 \u00a0\u00a0 G\u00eete \u00ab\u00a0En s\u00f4 d\u00e9 Laborde\u00a0\u00bb, 5 \u00e0 6 personnes<\/a><\/p>\n<p><a href=\"http:\/\/www.gites-de-france-65.com\/location-vacances-Gite-a-Gaillagos-Hautes-Pyrenees-65G123012.html\" target=\"_blank\" rel=\"noopener\">\u00a0\u00a0\u00a0\u00a0 \u00a0 \u00a0 \u00a0 \u00a0 \u00a0 \u00a0 \u00a0\u00a0 Maison \u00ab\u00a0Cousin\u00e9, un sourire en Azun \u00ab\u00a0, g\u00eete 4 personnes<\/a><\/p>\n<p><a href=\"http:\/\/www.gites-de-france-65.com\/location-vacances-Gite-a-Gaillagos-Hautes-Pyrenees-65G123013.html\" target=\"_blank\" rel=\"noopener\">\u00a0\u00a0\u00a0\u00a0\u00a0\u00a0\u00a0\u00a0\u00a0\u00a0\u00a0\u00a0\u00a0\u00a0\u00a0\u00a0\u00a0\u00a0\u00a0 Grange \u00ab\u00a0Cousin\u00e9, un sourire en Azun\u00a0\u00bb, g\u00eete 2 Personnes<\/a><\/p>\n<p style=\"text-align: center;\"><strong>\u00a0Nous <a href=\"mailto:michel@gites-pyrenees-gaillagos.com\">contacter<\/a> par mail<br \/>\n<\/strong><\/p>\n<p style=\"text-align: center;\"><strong>Notre t\u00e9l\u00e9phone : 06 89 65 50 02<\/strong><\/p>\n","protected":false},"excerpt":{"rendered":"<p>Veuillez nous excuser car notre site destin\u00e9 \u00e0 la promotion de nos g\u00eetes est en construction. \u00a0Nous vous proposons\u00a0 de d\u00e9couvrir sur le site des G\u00eetes de France, nos h\u00e9bergements typiques et confortables qui sont situ\u00e9s \u00e0 65400 Gaillagos. \u00a0 Nous vous saurions gr\u00e9\u00a0 de nous contacter directement. \u00a0\u00a0\u00a0\u00a0\u00a0 \u00a0 \u00a0 \u00a0 \u00a0 \u00a0 \u00a0 &hellip; <a href=\"https:\/\/gites-pyrenees-gaillagos.com\/index.php\/accueil-provisoire\/\" class=\"more-link\">Continuer la lecture de <span class=\"screen-reader-text\">ACCUEIL<\/span>  <span class=\"meta-nav\">&rarr;<\/span><\/a><\/p>\n","protected":false},"author":1,"featured_media":0,"parent":0,"menu_order":0,"comment_status":"closed","ping_status":"closed","template":"","meta":{"footnotes":""},"class_list":["post-18","page","type-page","status-publish","hentry"],"_links":{"self":[{"href":"https:\/\/gites-pyrenees-gaillagos.com\/index.php\/wp-json\/wp\/v2\/pages\/18","targetHints":{"allow":["GET"]}}],"collection":[{"href":"https:\/\/gites-pyrenees-gaillagos.com\/index.php\/wp-json\/wp\/v2\/pages"}],"about":[{"href":"https:\/\/gites-pyrenees-gaillagos.com\/index.php\/wp-json\/wp\/v2\/types\/page"}],"author":[{"embeddable":true,"href":"https:\/\/gites-pyrenees-gaillagos.com\/index.php\/wp-json\/wp\/v2\/users\/1"}],"replies":[{"embeddable":true,"href":"https:\/\/gites-pyrenees-gaillagos.com\/index.php\/wp-json\/wp\/v2\/comments?post=18"}],"version-history":[{"count":12,"href":"https:\/\/gites-pyrenees-gaillagos.com\/index.php\/wp-json\/wp\/v2\/pages\/18\/revisions"}],"predecessor-version":[{"id":50,"href":"https:\/\/gites-pyrenees-gaillagos.com\/index.php\/wp-json\/wp\/v2\/pages\/18\/revisions\/50"}],"wp:attachment":[{"href":"https:\/\/gites-pyrenees-gaillagos.com\/index.php\/wp-json\/wp\/v2\/media?parent=18"}],"curies":[{"name":"wp","href":"https:\/\/api.w.org\/{rel}","templated":true}]}}